{"id":59,"date":"2022-05-10T10:45:15","date_gmt":"2022-05-10T10:45:15","guid":{"rendered":"https:\/\/bauunternehmen-mekelburg.de\/?page_id=59"},"modified":"2022-08-04T17:00:35","modified_gmt":"2022-08-04T17:00:35","slug":"impressum","status":"publish","type":"page","link":"https:\/\/bauunternehmen-mekelburg.de\/index.php\/impressum\/","title":{"rendered":"Impressum"},"content":{"rendered":"\n<p><strong>Gesamtverantwortung<\/strong><\/p>\n\n\n\n<p>Bauunternehmen Mekelburg<br>Leonid Mekelburg<br>Lehmweg 55<br>49328 Melle<\/p>\n\n\n\n<p>I<strong>nhaltlich Verantwortlicher gem\u00e4\u00df \u00a7 6 MDStV<\/strong><\/p>\n\n\n\n<p>Leonid Mekelburg<\/p>\n\n\n\n<p><strong>Gestaltung, Konzept und Realisation<\/strong><\/p>\n\n\n\n<p>Thomas G\u00f6ttsching<\/p>\n\n\n\n<p><a rel=\"noreferrer noopener\" href=\"http:\/\/www.thomasgoettsching.de\" target=\"_blank\">http:\/\/www.thomasgoettsching.de<\/a><\/p>\n\n\n\n<p><strong>Haftungsausschlu\u00df, Urheberrecht<\/strong><\/p>\n\n\n\n<p>Die auf diesen Internetseiten angebotenen und dargestellten Informationen \/ Inhalte d\u00fcrfen ohne vorherige schriftliche Genehmigung durch Leonid Mekelburg weder ganz noch teilweise gespeichert, kopiert oder weitergegeben werden. Die verwendeten Grafiken, Zeichnungen und Fotos der Internetseiten unterliegen dem Copyright von Leonid Mekelburg, dem Urheber oder der jeweiligen Foto-Agentur. Trotz aller Bem\u00fchungen um Konsistenz, Vollst\u00e4ndigkeit und Richtigkeit der dargestellten Informationen \u00fcbernimmt Leonid Mekelburg keinerlei Gew\u00e4hrleistung f\u00fcr die Inhalte dieser Internetseiten. Diese Internetseiten enthalten eine Vielzahl von sogenannten Hyperlinks (Verweisen) zu anderen Internetseiten und -diensten, die nicht von Leonid Mekelburg betrieben werden. F\u00fcr die Inhalte dieser verlinkten Seiten ist Leonid Mekelburg in keiner Weise verantwortlich und auch nicht haftbar zu machen.<\/p>\n","protected":false},"excerpt":{"rendered":"<p>Gesamtverantwortung Bauunternehmen MekelburgLeonid MekelburgLehmweg 5549328 Melle Inhaltlich Verantwortlicher gem\u00e4\u00df \u00a7 6 MDStV Leonid Mekelburg Gestaltung, Konzept und Realisation Thomas G\u00f6ttsching http:\/\/www.thomasgoettsching.de Haftungsausschlu\u00df, Urheberrecht Die auf diesen Internetseiten angebotenen und dargestellten Informationen \/ Inhalte d\u00fcrfen ohne vorherige schriftliche Genehmigung durch Leonid Mekelburg weder ganz noch teilweise gespeichert, kopiert oder weitergegeben werden. Die verwendeten Grafiken, Zeichnungen und [&hellip;]<\/p>\n","protected":false},"author":1,"featured_media":0,"parent":0,"menu_order":4,"comment_status":"closed","ping_status":"closed","template":"","meta":{"_coblocks_attr":"","_coblocks_dimensions":"","_coblocks_responsive_height":"","_coblocks_accordion_ie_support":"","hide_page_title":"","footnotes":""},"class_list":["post-59","page","type-page","status-publish","hentry"],"_links":{"self":[{"href":"https:\/\/bauunternehmen-mekelburg.de\/index.php\/wp-json\/wp\/v2\/pages\/59","targetHints":{"allow":["GET"]}}],"collection":[{"href":"https:\/\/bauunternehmen-mekelburg.de\/index.php\/wp-json\/wp\/v2\/pages"}],"about":[{"href":"https:\/\/bauunternehmen-mekelburg.de\/index.php\/wp-json\/wp\/v2\/types\/page"}],"author":[{"embeddable":true,"href":"https:\/\/bauunternehmen-mekelburg.de\/index.php\/wp-json\/wp\/v2\/users\/1"}],"replies":[{"embeddable":true,"href":"https:\/\/bauunternehmen-mekelburg.de\/index.php\/wp-json\/wp\/v2\/comments?post=59"}],"version-history":[{"count":2,"href":"https:\/\/bauunternehmen-mekelburg.de\/index.php\/wp-json\/wp\/v2\/pages\/59\/revisions"}],"predecessor-version":[{"id":63,"href":"https:\/\/bauunternehmen-mekelburg.de\/index.php\/wp-json\/wp\/v2\/pages\/59\/revisions\/63"}],"wp:attachment":[{"href":"https:\/\/bauunternehmen-mekelburg.de\/index.php\/wp-json\/wp\/v2\/media?parent=59"}],"curies":[{"name":"wp","href":"https:\/\/api.w.org\/{rel}","templated":true}]}}